{"id":62,"date":"2019-09-23T20:39:16","date_gmt":"2019-09-23T18:39:16","guid":{"rendered":"http:\/\/johannes-klier.de\/web\/?page_id=62"},"modified":"2024-02-06T14:57:38","modified_gmt":"2024-02-06T13:57:38","slug":"alonso-mudarra","status":"publish","type":"page","link":"https:\/\/johannes-klier.de\/web\/konzerte\/reportoire\/alonso-mudarra\/","title":{"rendered":"Alonso Mudarra"},"content":{"rendered":"\n<div class=\"wp-block-columns has-2-columns is-layout-flex wp-container-core-columns-is-layout-9d6595d7 wp-block-columns-is-layout-flex\">\n<div class=\"wp-block-column is-layout-flow wp-block-column-is-layout-flow\">\n<h4 class=\"wp-block-heading\">Alonso Mudarra<br>1546<\/h4>\n\n\n\n<p>Romanesca<br>Tiento y Fantas\u00eda<br>Gallarda<br>Fantas\u00eda<\/p>\n\n\n\n<p>aus: <em>Tres libros de m\u00fasica en cifras para vihuela<\/em>, Sevilla 1546<\/p>\n\n\n\n<p>(Transkription: Johannes Klier)<br><\/p>\n<\/div>\n\n\n\n<div class=\"wp-block-column is-layout-flow wp-block-column-is-layout-flow\">\n<figure class=\"wp-block-image\"><img loading=\"lazy\" decoding=\"async\" width=\"640\" height=\"475\" src=\"https:\/\/johannes-klier.de\/web\/wp-content\/uploads\/2019\/09\/Mudarra-1.jpg\" alt=\"\" class=\"wp-image-63\" srcset=\"https:\/\/johannes-klier.de\/web\/wp-content\/uploads\/2019\/09\/Mudarra-1.jpg 640w, https:\/\/johannes-klier.de\/web\/wp-content\/uploads\/2019\/09\/Mudarra-1-300x223.jpg 300w\" sizes=\"auto, (max-width: 640px) 100vw, 640px\" \/><\/figure>\n<\/div>\n<\/div>\n","protected":false},"excerpt":{"rendered":"<p>Alonso Mudarra1546 RomanescaTiento y Fantas\u00edaGallardaFantas\u00eda aus: Tres libros de m\u00fasica en cifras para vihuela, Sevilla 1546 (Transkription: Johannes Klier)<\/p>\n","protected":false},"author":1,"featured_media":0,"parent":42,"menu_order":0,"comment_status":"closed","ping_status":"closed","template":"","meta":{"footnotes":""},"class_list":["post-62","page","type-page","status-publish","hentry"],"_links":{"self":[{"href":"https:\/\/johannes-klier.de\/web\/wp-json\/wp\/v2\/pages\/62","targetHints":{"allow":["GET"]}}],"collection":[{"href":"https:\/\/johannes-klier.de\/web\/wp-json\/wp\/v2\/pages"}],"about":[{"href":"https:\/\/johannes-klier.de\/web\/wp-json\/wp\/v2\/types\/page"}],"author":[{"embeddable":true,"href":"https:\/\/johannes-klier.de\/web\/wp-json\/wp\/v2\/users\/1"}],"replies":[{"embeddable":true,"href":"https:\/\/johannes-klier.de\/web\/wp-json\/wp\/v2\/comments?post=62"}],"version-history":[{"count":2,"href":"https:\/\/johannes-klier.de\/web\/wp-json\/wp\/v2\/pages\/62\/revisions"}],"predecessor-version":[{"id":410,"href":"https:\/\/johannes-klier.de\/web\/wp-json\/wp\/v2\/pages\/62\/revisions\/410"}],"up":[{"embeddable":true,"href":"https:\/\/johannes-klier.de\/web\/wp-json\/wp\/v2\/pages\/42"}],"wp:attachment":[{"href":"https:\/\/johannes-klier.de\/web\/wp-json\/wp\/v2\/media?parent=62"}],"curies":[{"name":"wp","href":"https:\/\/api.w.org\/{rel}","templated":true}]}}