{"id":10,"date":"2019-09-23T18:44:43","date_gmt":"2019-09-23T16:44:43","guid":{"rendered":"http:\/\/johannes-klier.de\/web\/?page_id=10"},"modified":"2025-10-10T16:25:17","modified_gmt":"2025-10-10T14:25:17","slug":"vita","status":"publish","type":"page","link":"https:\/\/johannes-klier.de\/web\/vita\/","title":{"rendered":"Vita"},"content":{"rendered":"\n<p><img loading=\"lazy\" decoding=\"async\" width=\"600\" height=\"725\" class=\"wp-image-248\" style=\"width: 400px; float: left; padding-right: 20px; padding-bottom: 10px;\" src=\"https:\/\/johannes-klier.de\/web\/wp-content\/uploads\/2020\/05\/Vita_Johannes_Klier.jpg\" alt=\"\" srcset=\"https:\/\/johannes-klier.de\/web\/wp-content\/uploads\/2020\/05\/Vita_Johannes_Klier.jpg 600w, https:\/\/johannes-klier.de\/web\/wp-content\/uploads\/2020\/05\/Vita_Johannes_Klier-248x300.jpg 248w\" sizes=\"auto, (max-width: 600px) 100vw, 600px\" \/>Johannes Klier erhielt nach dem Abitur seine musikalische Ausbildung in M\u00fcnchen (<a href=\"https:\/\/johannes-klier.de\/web\/wp-content\/uploads\/2025\/10\/Santiago-Navascues_Biografie.pdf\" data-type=\"attachment\" data-id=\"528\" target=\"_blank\" rel=\"noreferrer noopener\">Santiago Navascu\u00e9s<\/a> \u2013 Richard-Strauss-Konservatorium) und London (<a href=\"https:\/\/johannes-klier.de\/web\/wp-content\/uploads\/2025\/10\/Patrick-Bashford_Biografie.pdf\" data-type=\"attachment\" data-id=\"527\" target=\"_blank\" rel=\"noreferrer noopener\">Patrick Bashford<\/a> \u2013 Royal College of Music), Fortbildung in der Auff\u00fchrungspraxis Alter Musik bei <a href=\"https:\/\/de.wikipedia.org\/wiki\/Nikolaus_Harnoncourt\" data-type=\"link\" data-id=\"https:\/\/de.wikipedia.org\/wiki\/Nikolaus_Harnoncourt\" target=\"_blank\" rel=\"noreferrer noopener\">Nikolaus Harnoncourt<\/a>.<\/p>\n\n\n\n<p>Johannes Klier ist Erneuerer und Bewahrer zugleich. Der Tradition der gro\u00dfen spanischen Gitarrenkultur verpflichtet, geht er neue Wege, denn Tradition ist nicht alles. Das, was sich in Spanien \u00fcber Jahrhunderte an Gitarrentechnik empirisch herausbildete, muss seiner Meinung nach heute, da man den empirischen Ansatz durch wissenschaftliche Erkenntnisse zu erhellen sucht, auch unter diesem Gesichtspunkt erforscht werden.<\/p>\n\n\n\n<p>Zahlreiche Publikationen belegen seine intensive und umfassende Auseinandersetzung mit dem Instrument Gitarre. Neben Editionen von Gitarrenmusik bei namhaften internationalen Verlagen und Schriften zur Methodik und Didaktik der Gitarre, haben besonders seine beiden B\u00fccher in der Fachwelt Aufsehen erregt und geh\u00f6ren l\u00e4ngst zur Standardliteratur jedes ernsthaften Gitarristen: <em>Die Gitarre. Ein Instrument und seine Geschichte<\/em> (Bad Schussenried, 1980) ist die erste Kulturgeschichte der Gitarre \u00fcberhaupt und in Zusammenarbeit mit seiner Frau <a href=\"https:\/\/ingrid-hacker-klier.com\" target=\"_blank\" rel=\"noreferrer noopener\">Ingrid Hacker-Klier<\/a> entstanden. In seinem zweiten Buch <em>Werkanalyse und Interpretation auf der Gitarre<\/em> (Wilhelmshaven, 1985) erstellt Johannes Klier auf musikwissenschaftlich-p\u00e4dagogischer Ebene ein strukturalistisches Modell zur Analyse und Interpretation von Gitarrenmusik.&nbsp;<\/p>\n\n\n\n<p>Daneben besch\u00e4ftigt sich Johannes Klier seit einigen Jahren verst\u00e4rkt mit allgemein musikalischen Themen, die in Form von Fachartikeln in mehreren gro\u00dfen Musikzeitschriften (u. a. MUSICA, \u00dcben &amp; Musizieren, Neue Musikzeitung) gedruckt werden. Diese Beitr\u00e4ge haben die physiologischen, psychologischen und mentalen Grundlagen der Musik und des Musizierens zum Thema.<\/p>\n\n\n\n<p>Von 1980\u20131996 unterrichtete er an der Hochschule f\u00fcr Musik in M\u00fcnchen, wo f\u00fcr ihn 1987 ein eigener Diplomstudiengang mit dem k\u00fcnstlerischen Hauptfach Gitarre geschaffen wurde. Seit 1996 ist er freischaffender Musiker und Autor.<\/p>\n\n\n\n<p>Als Solist und Kammermusiker f\u00fchrten ihn seine Konzerte neben Auftritten in Deutschland nach Spanien, England und \u00d6sterreich.&nbsp;<\/p>\n","protected":false},"excerpt":{"rendered":"<p>Johannes Klier erhielt nach dem Abitur seine musikalische Ausbildung in M\u00fcnchen (Santiago Navascu\u00e9s \u2013 Richard-Strauss-Konservatorium) und London (Patrick Bashford \u2013 Royal College of Music), Fortbildung in der Auff\u00fchrungspraxis Alter Musik bei Nikolaus Harnoncourt. Johannes Klier ist Erneuerer und Bewahrer zugleich. Der Tradition der gro\u00dfen spanischen Gitarrenkultur verpflichtet, geht er neue Wege, denn Tradition ist nicht [&hellip;]<\/p>\n","protected":false},"author":1,"featured_media":0,"parent":0,"menu_order":0,"comment_status":"closed","ping_status":"closed","template":"","meta":{"footnotes":""},"class_list":["post-10","page","type-page","status-publish","hentry"],"_links":{"self":[{"href":"https:\/\/johannes-klier.de\/web\/wp-json\/wp\/v2\/pages\/10","targetHints":{"allow":["GET"]}}],"collection":[{"href":"https:\/\/johannes-klier.de\/web\/wp-json\/wp\/v2\/pages"}],"about":[{"href":"https:\/\/johannes-klier.de\/web\/wp-json\/wp\/v2\/types\/page"}],"author":[{"embeddable":true,"href":"https:\/\/johannes-klier.de\/web\/wp-json\/wp\/v2\/users\/1"}],"replies":[{"embeddable":true,"href":"https:\/\/johannes-klier.de\/web\/wp-json\/wp\/v2\/comments?post=10"}],"version-history":[{"count":16,"href":"https:\/\/johannes-klier.de\/web\/wp-json\/wp\/v2\/pages\/10\/revisions"}],"predecessor-version":[{"id":530,"href":"https:\/\/johannes-klier.de\/web\/wp-json\/wp\/v2\/pages\/10\/revisions\/530"}],"wp:attachment":[{"href":"https:\/\/johannes-klier.de\/web\/wp-json\/wp\/v2\/media?parent=10"}],"curies":[{"name":"wp","href":"https:\/\/api.w.org\/{rel}","templated":true}]}}